{"id":6602,"date":"2018-08-03T06:04:16","date_gmt":"2018-08-03T06:04:16","guid":{"rendered":"http:\/\/labtechco.themestek.com\/?page_id=6602"},"modified":"2023-01-16T20:00:32","modified_gmt":"2023-01-16T20:00:32","slug":"contacto","status":"publish","type":"page","link":"https:\/\/globalproficio.wip-inprodi.com\/es\/contacto\/","title":{"rendered":"Contacto"},"content":{"rendered":"<div class=\"themestek-row wpb_row vc_row-fluid vc_rtl-columns-reverse themestek-total-col-3 themestek-zindex-0 vc_row container themestek-bgimage-position-center_center\">\n        \t\t\t\t<div class=\"themestek-column wpb_column vc_column_container vc_col-sm-4 themestek-zindex-0\">\n\t<div class=\"vc_column-inner\">\n\t\t\t\t<div class=\"wpb_wrapper\">\n\t\t\t<div class=\"themestek-ihbox themestek-ihbox-style-2 themestek-ihbox-itype-icon\">\n\t<div class=\"themestek-sbox-bgimage-layer themestek-bgimage-layer\"><\/div>\n\t<div class=\"themestek-ihbox-wrapper-bg-layer themestek-bg-layer\"><\/div>\n\t<div class=\"themestek-ihbox-inner\">\n\t\t<div class=\"themestek-ihbox-icon\">\n\t\t\t<div class=\"themestek-ihbox-icon-wrapper\"><i class=\"themestek-liviza-business-icon themestek-liviza-business-icon-placeholder\"><\/i><\/div>\t\t<\/div>\n\t\t<div class=\"themestek-ihbox-contents\">\n\t\t\t<div class=\"themestek-vc_general themestek-vc_cta3 themestek-cta3-only themestek-vc_cta3-style-classic themestek-vc_cta3-shape-rounded themestek-vc_cta3-align-left themestek-vc_cta3-color-transparent themestek-vc_cta3-icon-size-md themestek-vc_cta3-actions-no themestek-cta3-without-desc\"><div class=\"themestek-vc_cta3_content-container\"><div class=\"themestek-vc_cta3-content\"><div class=\"themestek-vc_cta3-content-header themestek-wrap\"><div class=\"themestek-vc_cta3-headers themestek-wrap-cell\"><h2 class=\"themestek-custom-heading\">Direcci\u00f3n<\/h2>\n<\/div><\/div><\/div><\/div><\/div>\t\t\t<div class=\"themestek-cta3-content-wrapper\">Halifax, NS<\/div>\t\t\t\t\t<\/div><!-- .themestek-ihbox-contents -->\n\t<\/div>\n<\/div>\n\t\t<\/div>\n\t<\/div>\n<\/div>\n<div class=\"themestek-column wpb_column vc_column_container vc_col-sm-4 themestek-zindex-0\">\n\t<div class=\"vc_column-inner\">\n\t\t\t\t<div class=\"wpb_wrapper\">\n\t\t\t<div class=\"themestek-ihbox themestek-ihbox-style-2 themestek-ihbox-itype-icon\">\n\t<div class=\"themestek-sbox-bgimage-layer themestek-bgimage-layer\"><\/div>\n\t<div class=\"themestek-ihbox-wrapper-bg-layer themestek-bg-layer\"><\/div>\n\t<div class=\"themestek-ihbox-inner\">\n\t\t<div class=\"themestek-ihbox-icon\">\n\t\t\t<div class=\"themestek-ihbox-icon-wrapper\"><i class=\"themestek-liviza-business-icon themestek-liviza-business-icon-call\"><\/i><\/div>\t\t<\/div>\n\t\t<div class=\"themestek-ihbox-contents\">\n\t\t\t<div class=\"themestek-vc_general themestek-vc_cta3 themestek-cta3-only themestek-vc_cta3-style-classic themestek-vc_cta3-shape-rounded themestek-vc_cta3-align-left themestek-vc_cta3-color-transparent themestek-vc_cta3-icon-size-md themestek-vc_cta3-actions-no themestek-cta3-without-desc\"><div class=\"themestek-vc_cta3_content-container\"><div class=\"themestek-vc_cta3-content\"><div class=\"themestek-vc_cta3-content-header themestek-wrap\"><div class=\"themestek-vc_cta3-headers themestek-wrap-cell\"><h2 class=\"themestek-custom-heading\">Tel\u00e9fono<\/h2>\n<\/div><\/div><\/div><\/div><\/div>\t\t\t<div class=\"themestek-cta3-content-wrapper\">(902) 717-6664<\/div>\t\t\t\t\t<\/div><!-- .themestek-ihbox-contents -->\n\t<\/div>\n<\/div>\n\t\t<\/div>\n\t<\/div>\n<\/div>\n<div class=\"themestek-column wpb_column vc_column_container vc_col-sm-4 themestek-zindex-0\">\n\t<div class=\"vc_column-inner\">\n\t\t\t\t<div class=\"wpb_wrapper\">\n\t\t\t<div class=\"themestek-ihbox themestek-ihbox-style-2 themestek-ihbox-itype-icon\">\n\t<div class=\"themestek-sbox-bgimage-layer themestek-bgimage-layer\"><\/div>\n\t<div class=\"themestek-ihbox-wrapper-bg-layer themestek-bg-layer\"><\/div>\n\t<div class=\"themestek-ihbox-inner\">\n\t\t<div class=\"themestek-ihbox-icon\">\n\t\t\t<div class=\"themestek-ihbox-icon-wrapper\"><i class=\"themestek-liviza-business-icon themestek-liviza-business-icon-envelope\"><\/i><\/div>\t\t<\/div>\n\t\t<div class=\"themestek-ihbox-contents\">\n\t\t\t<div class=\"themestek-vc_general themestek-vc_cta3 themestek-cta3-only themestek-vc_cta3-style-classic themestek-vc_cta3-shape-rounded themestek-vc_cta3-align-left themestek-vc_cta3-color-transparent themestek-vc_cta3-icon-size-md themestek-vc_cta3-actions-no themestek-cta3-without-desc\"><div class=\"themestek-vc_cta3_content-container\"><div class=\"themestek-vc_cta3-content\"><div class=\"themestek-vc_cta3-content-header themestek-wrap\"><div class=\"themestek-vc_cta3-headers themestek-wrap-cell\"><h2 class=\"themestek-custom-heading\">Correo Electr\u00f3nico<\/h2>\n<\/div><\/div><\/div><\/div><\/div>\t\t\t<div class=\"themestek-cta3-content-wrapper\">info@globalproficio.wip-inprodi.com<\/div>\t\t\t\t\t<\/div><!-- .themestek-ihbox-contents -->\n\t<\/div>\n<\/div>\n\t\t<\/div>\n\t<\/div>\n<\/div>\n\t<\/div>\n<div class=\"themestek-row wpb_row vc_row-fluid vc_custom_1576473295771 vc_rtl-columns-reverse themestek-total-col-1 themestek-zindex-0 vc_row container themestek-bgimage-position-center_center\">\n        \t\t\t\t<div class=\"themestek-column wpb_column vc_column_container vc_col-sm-12 themestek-zindex-0\">\n\t<div class=\"vc_column-inner\">\n\t\t\t\t<div class=\"wpb_wrapper\">\n\t\t\t<div class=\"themestek-row-inner vc_row wpb_row vc_inner vc_row-fluid ts-border-radius-2 ts-image-shadow-2 vc_custom_1576472909816 vc_column-gap-0px vc_row-o-equal-height vc_rtl-columns-reverse vc_row-flex themestek-zindex-0\">\n\t<div class=\"themestek-column-inner wpb_column vc_column_container vc_col-sm-6 themestek-zindex-0\">\n\t<div class=\"vc_column-inner vc_custom_1576471537997\">\n\t\t \n\t\t<div class=\"wpb_wrapper\">\n\t\t\t\n\t<div class=\"wpb_raw_code wpb_content_element wpb_raw_html vc_custom_1601996824288\" >\n\t\t<div class=\"wpb_wrapper\">\n\t\t\t<div style=\"height:590px;\">\n<iframe src=\"https:\/\/www.google.com\/maps\/embed?pb=!1m18!1m12!1m3!1d2838.028592673191!2d-63.60066798412815!3d44.65776747909971!2m3!1f0!2f0!3f0!3m2!1i1024!2i768!4f13.1!3m3!1m2!1s0x4b5a217a0ffc71ad%3A0xbf43120da6e1ac44!2s5883%20Almon%20St%2C%20Halifax%2C%20NS%20B3K%201T7%2C%20Canad%C3%A1!5e0!3m2!1ses-419!2smx!4v1601996350791!5m2!1ses-419!2smx\" width=\"600\" height=\"600\" frameborder=\"0\" style=\"border:0;\" allowfullscreen=\"\" aria-hidden=\"false\" tabindex=\"0\"><\/iframe><\/div>\n\t\t<\/div>\n\t<\/div>\n\t\t<\/div>\n\t<\/div>\n<\/div>\n<div class=\"themestek-column-inner wpb_column vc_column_container vc_col-sm-6 themestek-zindex-0\">\n\t<div class=\"vc_column-inner vc_custom_1576473344088\">\n\t\t \n\t\t<div class=\"wpb_wrapper\">\n\t\t\t<div class=\"themestek-element-heading-wrapper themestek-heading-inner themestek-element-align-left themestek-seperator-none\"><section class=\"themestek-vc_cta3-container\"><div class=\"themestek-vc_general themestek-vc_cta3 themestek-cta3-only themestek-vc_cta3-style-classic themestek-vc_cta3-shape-rounded themestek-vc_cta3-align-left themestek-vc_cta3-color-transparent themestek-vc_cta3-icon-size-md themestek-vc_cta3-actions-no themestek-cta3-without-desc\"><div class=\"themestek-vc_cta3_content-container\"><div class=\"themestek-vc_cta3-content\"><div class=\"themestek-vc_cta3-content-header themestek-wrap\"><div class=\"themestek-vc_cta3-headers themestek-wrap-cell\"><h4 class=\"themestek-custom-heading\" >Contacto<\/h4>\n<h2 class=\"themestek-custom-heading\" >Ponte en <b>Contacto<\/b><\/h2>\n<\/div><\/div><\/div><\/div><\/div><\/section><\/div> <!-- .themestek-element-heading-wrapper container --> \n<div class=\"wpcf7 no-js\" id=\"wpcf7-f10414-o1\" lang=\"en-US\" dir=\"ltr\">\n<div class=\"screen-reader-response\"><p role=\"status\" aria-live=\"polite\" aria-atomic=\"true\"><\/p> <ul><\/ul><\/div>\n<form action=\"\/es\/wp-json\/wp\/v2\/pages\/6602#wpcf7-f10414-o1\" method=\"post\" class=\"wpcf7-form init\" aria-label=\"Contact form\" novalidate=\"novalidate\" data-status=\"init\" data-trp-original-action=\"\/es\/wp-json\/wp\/v2\/pages\/6602#wpcf7-f10414-o1\">\n<div style=\"display: none;\">\n<input type=\"hidden\" name=\"_wpcf7\" value=\"10414\" \/>\n<input type=\"hidden\" name=\"_wpcf7_version\" value=\"5.9.6\" \/>\n<input type=\"hidden\" name=\"_wpcf7_locale\" value=\"en_US\" \/>\n<input type=\"hidden\" name=\"_wpcf7_unit_tag\" value=\"wpcf7-f10414-o1\" \/>\n<input type=\"hidden\" name=\"_wpcf7_container_post\" value=\"0\" \/>\n<input type=\"hidden\" name=\"_wpcf7_posted_data_hash\" value=\"\" \/>\n<\/div>\n<div class=\"main-form\">\n\t<div class=\"row\">\n\t\t<div class=\"col-md-6\">\n\t\t\t<div class=\"input-group\">\n\t\t\t\t<p><span class=\"wpcf7-form-control-wrap\" data-name=\"your-name\"><input size=\"40\" maxlength=\"80\" class=\"wpcf7-form-control wpcf7-text\" aria-invalid=\"false\" placeholder=\"Nombre\" value=\"\" type=\"text\" name=\"your-name\" \/><\/span>\n\t\t\t\t<\/p>\n\t\t\t<\/div>\n\t\t<\/div>\n\t\t<div class=\"col-md-6\">\n\t\t\t<div class=\"input-group\">\n\t\t\t\t<p><span class=\"wpcf7-form-control-wrap\" data-name=\"your-email\"><input size=\"40\" maxlength=\"80\" class=\"wpcf7-form-control wpcf7-text\" aria-invalid=\"false\" placeholder=\"Correo\" value=\"\" type=\"text\" name=\"your-email\" \/><\/span>\n\t\t\t\t<\/p>\n\t\t\t<\/div>\n\t\t<\/div>\n\t\t<div class=\"col-md-6\">\n\t\t\t<div class=\"input-group\">\n\t\t\t\t<p><span class=\"wpcf7-form-control-wrap\" data-name=\"phone\"><input size=\"40\" maxlength=\"80\" class=\"wpcf7-form-control wpcf7-text\" aria-invalid=\"false\" placeholder=\"Tel\u00e9fono\" value=\"\" type=\"text\" name=\"phone\" \/><\/span>\n\t\t\t\t<\/p>\n\t\t\t<\/div>\n\t\t<\/div>\n\t\t<div class=\"col-md-6\">\n\t\t\t<div class=\"input-group\">\n\t\t\t\t<p><span class=\"wpcf7-form-control-wrap\" data-name=\"text-99\"><input size=\"40\" maxlength=\"80\" class=\"wpcf7-form-control wpcf7-text\" aria-invalid=\"false\" placeholder=\"Asunto\" value=\"\" type=\"text\" name=\"text-99\" \/><\/span>\n\t\t\t\t<\/p>\n\t\t\t<\/div>\n\t\t<\/div>\n\t\t<div class=\"col-md-12\">\n\t\t\t<div class=\"input-group input-button\">\n\t\t\t\t<p><span class=\"wpcf7-form-control-wrap\" data-name=\"message\"><textarea cols=\"40\" rows=\"4\" maxlength=\"400\" class=\"wpcf7-form-control wpcf7-textarea\" aria-invalid=\"false\" placeholder=\"Mensaje\" name=\"message\"><\/textarea><\/span>\n\t\t\t\t<\/p>\n\t\t\t<\/div>\n\t\t<\/div>\n\t\t<div class=\"col-md-6\">\n\t\t\t<div class=\"input-group input-button\">\n\t\t\t\t<p><input class=\"wpcf7-form-control wpcf7-submit has-spinner btn-block\" type=\"submit\" value=\"ENVIAR MENSAJE\" \/>\n\t\t\t\t<\/p>\n\t\t\t<\/div>\n\t\t<\/div>\n\t<\/div>\n<\/div><div class=\"wpcf7-response-output\" aria-hidden=\"true\"><\/div>\n<input type=\"hidden\" name=\"trp-form-language\" value=\"es\"\/><\/form>\n<\/div>\n\t\t<\/div>\n\t<\/div>\n<\/div>\n<\/div>\n\t\t<\/div>\n\t<\/div>\n<\/div>\n\t<\/div>","protected":false},"excerpt":{"rendered":"Direcci\u00f3n Halifax, NS Tel\u00e9fono (902) 717-6664 Correo Electr\u00f3nico info@globalproficio.wip-inprodi.com Contacto Ponte en Contacto","protected":false},"author":1,"featured_media":0,"parent":0,"menu_order":10,"comment_status":"closed","ping_status":"closed","template":"","meta":{"footnotes":""},"class_list":["post-6602","page","type-page","status-publish","hentry"],"_links":{"self":[{"href":"https:\/\/globalproficio.wip-inprodi.com\/es\/wp-json\/wp\/v2\/pages\/6602","targetHints":{"allow":["GET"]}}],"collection":[{"href":"https:\/\/globalproficio.wip-inprodi.com\/es\/wp-json\/wp\/v2\/pages"}],"about":[{"href":"https:\/\/globalproficio.wip-inprodi.com\/es\/wp-json\/wp\/v2\/types\/page"}],"author":[{"embeddable":true,"href":"https:\/\/globalproficio.wip-inprodi.com\/es\/wp-json\/wp\/v2\/users\/1"}],"replies":[{"embeddable":true,"href":"https:\/\/globalproficio.wip-inprodi.com\/es\/wp-json\/wp\/v2\/comments?post=6602"}],"version-history":[{"count":2,"href":"https:\/\/globalproficio.wip-inprodi.com\/es\/wp-json\/wp\/v2\/pages\/6602\/revisions"}],"predecessor-version":[{"id":14486,"href":"https:\/\/globalproficio.wip-inprodi.com\/es\/wp-json\/wp\/v2\/pages\/6602\/revisions\/14486"}],"wp:attachment":[{"href":"https:\/\/globalproficio.wip-inprodi.com\/es\/wp-json\/wp\/v2\/media?parent=6602"}],"curies":[{"name":"wp","href":"https:\/\/api.w.org\/{rel}","templated":true}]}}